{"id":17,"date":"2020-01-30T09:46:16","date_gmt":"2020-01-30T09:46:16","guid":{"rendered":"http:\/\/skarshult.com\/?page_id=17"},"modified":"2020-01-30T10:01:22","modified_gmt":"2020-01-30T10:01:22","slug":"kontakt","status":"publish","type":"page","link":"https:\/\/skarshult.com\/?page_id=17","title":{"rendered":"Kontakt"},"content":{"rendered":"\n<figure class=\"wp-block-image size-large is-resized\"><img loading=\"lazy\" decoding=\"async\" src=\"https:\/\/skarshult.com\/wp-content\/uploads\/2020\/01\/image-1-724x1024.png\" alt=\"\" class=\"wp-image-36\" width=\"129\" height=\"182\" srcset=\"https:\/\/skarshult.com\/wp-content\/uploads\/2020\/01\/image-1-724x1024.png 724w, https:\/\/skarshult.com\/wp-content\/uploads\/2020\/01\/image-1-212x300.png 212w, https:\/\/skarshult.com\/wp-content\/uploads\/2020\/01\/image-1-768x1087.png 768w, https:\/\/skarshult.com\/wp-content\/uploads\/2020\/01\/image-1.png 1009w\" sizes=\"auto, (max-width: 129px) 100vw, 129px\" \/><\/figure>\n\n\n\n<p>Sk\u00e4rshults G\u00e5rd 1<\/p>\n\n\n\n<p>34393 \u00c4lmhult<\/p>\n\n\n\n<p>tel. 0476-40065<\/p>\n\n\n\n<p>mail. info@skarshult.com<\/p>\n","protected":false},"excerpt":{"rendered":"<p>Sk\u00e4rshults G\u00e5rd 1 34393 \u00c4lmhult tel. 0476-40065 mail. info@skarshult.com<\/p>\n","protected":false},"author":1,"featured_media":0,"parent":0,"menu_order":0,"comment_status":"closed","ping_status":"closed","template":"","meta":{"footnotes":""},"class_list":["post-17","page","type-page","status-publish","hentry"],"_links":{"self":[{"href":"https:\/\/skarshult.com\/index.php?rest_route=\/wp\/v2\/pages\/17","targetHints":{"allow":["GET"]}}],"collection":[{"href":"https:\/\/skarshult.com\/index.php?rest_route=\/wp\/v2\/pages"}],"about":[{"href":"https:\/\/skarshult.com\/index.php?rest_route=\/wp\/v2\/types\/page"}],"author":[{"embeddable":true,"href":"https:\/\/skarshult.com\/index.php?rest_route=\/wp\/v2\/users\/1"}],"replies":[{"embeddable":true,"href":"https:\/\/skarshult.com\/index.php?rest_route=%2Fwp%2Fv2%2Fcomments&post=17"}],"version-history":[{"count":5,"href":"https:\/\/skarshult.com\/index.php?rest_route=\/wp\/v2\/pages\/17\/revisions"}],"predecessor-version":[{"id":37,"href":"https:\/\/skarshult.com\/index.php?rest_route=\/wp\/v2\/pages\/17\/revisions\/37"}],"wp:attachment":[{"href":"https:\/\/skarshult.com\/index.php?rest_route=%2Fwp%2Fv2%2Fmedia&parent=17"}],"curies":[{"name":"wp","href":"https:\/\/api.w.org\/{rel}","templated":true}]}}